{"id":2352,"date":"2018-09-19T06:18:51","date_gmt":"2018-09-19T06:18:51","guid":{"rendered":"http:\/\/mandersloot.eu\/werken-bij\/"},"modified":"2018-10-11T09:27:34","modified_gmt":"2018-10-11T09:27:34","slug":"cariera-in-cadrul-mandersloot","status":"publish","type":"page","link":"https:\/\/www.mandersloot.eu\/ro\/cariera-in-cadrul-mandersloot\/","title":{"rendered":"Carier\u0103 \u00een cadrul Mandersloot"},"content":{"rendered":"<p>La Mandersloot, \u00eentotdeauna primim colegi noi care ne pot consolida echipa. V\u0103 intereseaz\u0103 unul dintre urm\u0103toarele locuri de munc\u0103 libere \u015fi crede\u0163i c\u0103 aptitudinile dumneavoastr\u0103 pot aduce o valoare ad\u0103ugat\u0103 managementului logisticii clien\u0163ilor no\u015ftri? Dac\u0103 da, trimite\u0163i solicitarea (deschis\u0103), scrisoarea de motivare \u0219i CV-ul dvs. la <a href=\"mailto:info@mandersloot.eu\">info@mandersloot.eu<\/a> \u015fi convinge\u0163i-ne!<\/p>\n","protected":false},"excerpt":{"rendered":"<p>La Mandersloot, \u00eentotdeauna primim colegi noi care ne pot consolida echipa. V\u0103 intereseaz\u0103 unul dintre urm\u0103toarele locuri de munc\u0103 libere \u015fi crede\u0163i c\u0103 aptitudinile dumneavoastr\u0103 pot aduce o valoare ad\u0103ugat\u0103 managementului logisticii clien\u0163ilor no\u015ftri? Dac\u0103 da, trimite\u0163i solicitarea (deschis\u0103), scrisoarea de motivare \u0219i CV-ul dvs. la info@mandersloot.eu \u015fi convinge\u0163i-ne!<\/p>\n","protected":false},"author":3,"featured_media":0,"parent":0,"menu_order":0,"comment_status":"closed","ping_status":"closed","template":"archive-vacatures.php","meta":{"_acf_changed":false,"footnotes":""},"class_list":["post-2352","page","type-page","status-publish","hentry"],"acf":[],"yoast_head":"<!-- This site is optimized with the Yoast SEO plugin v26.8 - https:\/\/yoast.com\/product\/yoast-seo-wordpress\/ -->\n<title>Carier\u0103 \u00een cadrul Mandersloot | Mandersloot<\/title>\n<meta name=\"robots\" content=\"index, follow, max-snippet:-1, max-image-preview:large, max-video-preview:-1\" \/>\n<link rel=\"canonical\" href=\"https:\/\/www.mandersloot.eu\/ro\/cariera-in-cadrul-mandersloot\/\" \/>\n<meta property=\"og:locale\" content=\"ro_RO\" \/>\n<meta property=\"og:type\" content=\"article\" \/>\n<meta property=\"og:title\" content=\"Carier\u0103 \u00een cadrul Mandersloot | Mandersloot\" \/>\n<meta property=\"og:description\" content=\"La Mandersloot, \u00eentotdeauna primim colegi noi care ne pot consolida echipa. V\u0103 intereseaz\u0103 unul dintre urm\u0103toarele locuri de munc\u0103 libere \u015fi crede\u0163i c\u0103 aptitudinile dumneavoastr\u0103 pot aduce o valoare ad\u0103ugat\u0103 managementului logisticii clien\u0163ilor no\u015ftri? Dac\u0103 da, trimite\u0163i solicitarea (deschis\u0103), scrisoarea de motivare \u0219i CV-ul dvs. la info@mandersloot.eu \u015fi convinge\u0163i-ne!\" \/>\n<meta property=\"og:url\" content=\"https:\/\/www.mandersloot.eu\/ro\/cariera-in-cadrul-mandersloot\/\" \/>\n<meta property=\"og:site_name\" content=\"Mandersloot\" \/>\n<meta property=\"article:modified_time\" content=\"2018-10-11T09:27:34+00:00\" \/>\n<meta name=\"twitter:card\" content=\"summary_large_image\" \/>\n<script type=\"application\/ld+json\" class=\"yoast-schema-graph\">{\"@context\":\"https:\/\/schema.org\",\"@graph\":[{\"@type\":\"WebPage\",\"@id\":\"https:\/\/www.mandersloot.eu\/ro\/cariera-in-cadrul-mandersloot\/\",\"url\":\"https:\/\/www.mandersloot.eu\/ro\/cariera-in-cadrul-mandersloot\/\",\"name\":\"Carier\u0103 \u00een cadrul Mandersloot | Mandersloot\",\"isPartOf\":{\"@id\":\"https:\/\/www.mandersloot.eu\/#website\"},\"datePublished\":\"2018-09-19T06:18:51+00:00\",\"dateModified\":\"2018-10-11T09:27:34+00:00\",\"breadcrumb\":{\"@id\":\"https:\/\/www.mandersloot.eu\/ro\/cariera-in-cadrul-mandersloot\/#breadcrumb\"},\"inLanguage\":\"ro-RO\",\"potentialAction\":[{\"@type\":\"ReadAction\",\"target\":[\"https:\/\/www.mandersloot.eu\/ro\/cariera-in-cadrul-mandersloot\/\"]}]},{\"@type\":\"BreadcrumbList\",\"@id\":\"https:\/\/www.mandersloot.eu\/ro\/cariera-in-cadrul-mandersloot\/#breadcrumb\",\"itemListElement\":[{\"@type\":\"ListItem\",\"position\":1,\"name\":\"Home\",\"item\":\"https:\/\/www.mandersloot.eu\/ro\/\"},{\"@type\":\"ListItem\",\"position\":2,\"name\":\"Carier\u0103 \u00een cadrul Mandersloot\"}]},{\"@type\":\"WebSite\",\"@id\":\"https:\/\/www.mandersloot.eu\/#website\",\"url\":\"https:\/\/www.mandersloot.eu\/\",\"name\":\"Mandersloot\",\"description\":\"Specialist in logistieke dienstverlening en geconditioneerd transport naar of vanuit de Benelux en Centraal Europa\",\"potentialAction\":[{\"@type\":\"SearchAction\",\"target\":{\"@type\":\"EntryPoint\",\"urlTemplate\":\"https:\/\/www.mandersloot.eu\/?s={search_term_string}\"},\"query-input\":{\"@type\":\"PropertyValueSpecification\",\"valueRequired\":true,\"valueName\":\"search_term_string\"}}],\"inLanguage\":\"ro-RO\"}]}<\/script>\n<!-- \/ Yoast SEO plugin. -->","yoast_head_json":{"title":"Carier\u0103 \u00een cadrul Mandersloot | Mandersloot","robots":{"index":"index","follow":"follow","max-snippet":"max-snippet:-1","max-image-preview":"max-image-preview:large","max-video-preview":"max-video-preview:-1"},"canonical":"https:\/\/www.mandersloot.eu\/ro\/cariera-in-cadrul-mandersloot\/","og_locale":"ro_RO","og_type":"article","og_title":"Carier\u0103 \u00een cadrul Mandersloot | Mandersloot","og_description":"La Mandersloot, \u00eentotdeauna primim colegi noi care ne pot consolida echipa. V\u0103 intereseaz\u0103 unul dintre urm\u0103toarele locuri de munc\u0103 libere \u015fi crede\u0163i c\u0103 aptitudinile dumneavoastr\u0103 pot aduce o valoare ad\u0103ugat\u0103 managementului logisticii clien\u0163ilor no\u015ftri? Dac\u0103 da, trimite\u0163i solicitarea (deschis\u0103), scrisoarea de motivare \u0219i CV-ul dvs. la info@mandersloot.eu \u015fi convinge\u0163i-ne!","og_url":"https:\/\/www.mandersloot.eu\/ro\/cariera-in-cadrul-mandersloot\/","og_site_name":"Mandersloot","article_modified_time":"2018-10-11T09:27:34+00:00","twitter_card":"summary_large_image","schema":{"@context":"https:\/\/schema.org","@graph":[{"@type":"WebPage","@id":"https:\/\/www.mandersloot.eu\/ro\/cariera-in-cadrul-mandersloot\/","url":"https:\/\/www.mandersloot.eu\/ro\/cariera-in-cadrul-mandersloot\/","name":"Carier\u0103 \u00een cadrul Mandersloot | Mandersloot","isPartOf":{"@id":"https:\/\/www.mandersloot.eu\/#website"},"datePublished":"2018-09-19T06:18:51+00:00","dateModified":"2018-10-11T09:27:34+00:00","breadcrumb":{"@id":"https:\/\/www.mandersloot.eu\/ro\/cariera-in-cadrul-mandersloot\/#breadcrumb"},"inLanguage":"ro-RO","potentialAction":[{"@type":"ReadAction","target":["https:\/\/www.mandersloot.eu\/ro\/cariera-in-cadrul-mandersloot\/"]}]},{"@type":"BreadcrumbList","@id":"https:\/\/www.mandersloot.eu\/ro\/cariera-in-cadrul-mandersloot\/#breadcrumb","itemListElement":[{"@type":"ListItem","position":1,"name":"Home","item":"https:\/\/www.mandersloot.eu\/ro\/"},{"@type":"ListItem","position":2,"name":"Carier\u0103 \u00een cadrul Mandersloot"}]},{"@type":"WebSite","@id":"https:\/\/www.mandersloot.eu\/#website","url":"https:\/\/www.mandersloot.eu\/","name":"Mandersloot","description":"Specialist in logistieke dienstverlening en geconditioneerd transport naar of vanuit de Benelux en Centraal Europa","potentialAction":[{"@type":"SearchAction","target":{"@type":"EntryPoint","urlTemplate":"https:\/\/www.mandersloot.eu\/?s={search_term_string}"},"query-input":{"@type":"PropertyValueSpecification","valueRequired":true,"valueName":"search_term_string"}}],"inLanguage":"ro-RO"}]}},"_links":{"self":[{"href":"https:\/\/www.mandersloot.eu\/ro\/wp-json\/wp\/v2\/pages\/2352","targetHints":{"allow":["GET"]}}],"collection":[{"href":"https:\/\/www.mandersloot.eu\/ro\/wp-json\/wp\/v2\/pages"}],"about":[{"href":"https:\/\/www.mandersloot.eu\/ro\/wp-json\/wp\/v2\/types\/page"}],"author":[{"embeddable":true,"href":"https:\/\/www.mandersloot.eu\/ro\/wp-json\/wp\/v2\/users\/3"}],"replies":[{"embeddable":true,"href":"https:\/\/www.mandersloot.eu\/ro\/wp-json\/wp\/v2\/comments?post=2352"}],"version-history":[{"count":0,"href":"https:\/\/www.mandersloot.eu\/ro\/wp-json\/wp\/v2\/pages\/2352\/revisions"}],"wp:attachment":[{"href":"https:\/\/www.mandersloot.eu\/ro\/wp-json\/wp\/v2\/media?parent=2352"}],"curies":[{"name":"wp","href":"https:\/\/api.w.org\/{rel}","templated":true}]}}