{"id":2232,"date":"2018-09-14T12:35:27","date_gmt":"2018-09-14T12:35:27","guid":{"rendered":"http:\/\/mandersloot.eu\/grupy-produktow\/vers\/"},"modified":"2024-03-13T15:16:43","modified_gmt":"2024-03-13T15:16:43","slug":"swiezosc","status":"publish","type":"page","link":"https:\/\/www.mandersloot.eu\/pl\/grupy-produktow\/swiezosc\/","title":{"rendered":"\u015awie\u017co\u015b\u0107"},"content":{"rendered":"","protected":false},"excerpt":{"rendered":"","protected":false},"author":3,"featured_media":0,"parent":2211,"menu_order":0,"comment_status":"closed","ping_status":"closed","template":"generic.php","meta":{"_acf_changed":false,"footnotes":""},"class_list":["post-2232","page","type-page","status-publish","hentry"],"acf":[],"yoast_head":"<!-- This site is optimized with the Yoast SEO plugin v26.8 - https:\/\/yoast.com\/product\/yoast-seo-wordpress\/ -->\n<title>\u015awie\u017co\u015b\u0107 | Mandersloot<\/title>\n<meta name=\"robots\" content=\"index, follow, max-snippet:-1, max-image-preview:large, max-video-preview:-1\" \/>\n<link rel=\"canonical\" href=\"https:\/\/www.mandersloot.eu\/pl\/grupy-produktow\/swiezosc\/\" \/>\n<meta property=\"og:locale\" content=\"pl_PL\" \/>\n<meta property=\"og:type\" content=\"article\" \/>\n<meta property=\"og:title\" content=\"\u015awie\u017co\u015b\u0107 | Mandersloot\" \/>\n<meta property=\"og:url\" content=\"https:\/\/www.mandersloot.eu\/pl\/grupy-produktow\/swiezosc\/\" \/>\n<meta property=\"og:site_name\" content=\"Mandersloot\" \/>\n<meta property=\"article:modified_time\" content=\"2024-03-13T15:16:43+00:00\" \/>\n<meta name=\"twitter:card\" content=\"summary_large_image\" \/>\n<script type=\"application\/ld+json\" class=\"yoast-schema-graph\">{\"@context\":\"https:\/\/schema.org\",\"@graph\":[{\"@type\":\"WebPage\",\"@id\":\"https:\/\/www.mandersloot.eu\/pl\/grupy-produktow\/swiezosc\/\",\"url\":\"https:\/\/www.mandersloot.eu\/pl\/grupy-produktow\/swiezosc\/\",\"name\":\"\u015awie\u017co\u015b\u0107 | Mandersloot\",\"isPartOf\":{\"@id\":\"https:\/\/www.mandersloot.eu\/#website\"},\"datePublished\":\"2018-09-14T12:35:27+00:00\",\"dateModified\":\"2024-03-13T15:16:43+00:00\",\"breadcrumb\":{\"@id\":\"https:\/\/www.mandersloot.eu\/pl\/grupy-produktow\/swiezosc\/#breadcrumb\"},\"inLanguage\":\"pl-PL\",\"potentialAction\":[{\"@type\":\"ReadAction\",\"target\":[\"https:\/\/www.mandersloot.eu\/pl\/grupy-produktow\/swiezosc\/\"]}]},{\"@type\":\"BreadcrumbList\",\"@id\":\"https:\/\/www.mandersloot.eu\/pl\/grupy-produktow\/swiezosc\/#breadcrumb\",\"itemListElement\":[{\"@type\":\"ListItem\",\"position\":1,\"name\":\"Home\",\"item\":\"https:\/\/www.mandersloot.eu\/pl\/\"},{\"@type\":\"ListItem\",\"position\":2,\"name\":\"Grupy produkt\u00f3w\",\"item\":\"https:\/\/www.mandersloot.eu\/pl\/grupy-produktow\/\"},{\"@type\":\"ListItem\",\"position\":3,\"name\":\"\u015awie\u017co\u015b\u0107\"}]},{\"@type\":\"WebSite\",\"@id\":\"https:\/\/www.mandersloot.eu\/#website\",\"url\":\"https:\/\/www.mandersloot.eu\/\",\"name\":\"Mandersloot\",\"description\":\"Specialist in logistieke dienstverlening en geconditioneerd transport naar of vanuit de Benelux en Centraal Europa\",\"potentialAction\":[{\"@type\":\"SearchAction\",\"target\":{\"@type\":\"EntryPoint\",\"urlTemplate\":\"https:\/\/www.mandersloot.eu\/?s={search_term_string}\"},\"query-input\":{\"@type\":\"PropertyValueSpecification\",\"valueRequired\":true,\"valueName\":\"search_term_string\"}}],\"inLanguage\":\"pl-PL\"}]}<\/script>\n<!-- \/ Yoast SEO plugin. -->","yoast_head_json":{"title":"\u015awie\u017co\u015b\u0107 | Mandersloot","robots":{"index":"index","follow":"follow","max-snippet":"max-snippet:-1","max-image-preview":"max-image-preview:large","max-video-preview":"max-video-preview:-1"},"canonical":"https:\/\/www.mandersloot.eu\/pl\/grupy-produktow\/swiezosc\/","og_locale":"pl_PL","og_type":"article","og_title":"\u015awie\u017co\u015b\u0107 | Mandersloot","og_url":"https:\/\/www.mandersloot.eu\/pl\/grupy-produktow\/swiezosc\/","og_site_name":"Mandersloot","article_modified_time":"2024-03-13T15:16:43+00:00","twitter_card":"summary_large_image","schema":{"@context":"https:\/\/schema.org","@graph":[{"@type":"WebPage","@id":"https:\/\/www.mandersloot.eu\/pl\/grupy-produktow\/swiezosc\/","url":"https:\/\/www.mandersloot.eu\/pl\/grupy-produktow\/swiezosc\/","name":"\u015awie\u017co\u015b\u0107 | Mandersloot","isPartOf":{"@id":"https:\/\/www.mandersloot.eu\/#website"},"datePublished":"2018-09-14T12:35:27+00:00","dateModified":"2024-03-13T15:16:43+00:00","breadcrumb":{"@id":"https:\/\/www.mandersloot.eu\/pl\/grupy-produktow\/swiezosc\/#breadcrumb"},"inLanguage":"pl-PL","potentialAction":[{"@type":"ReadAction","target":["https:\/\/www.mandersloot.eu\/pl\/grupy-produktow\/swiezosc\/"]}]},{"@type":"BreadcrumbList","@id":"https:\/\/www.mandersloot.eu\/pl\/grupy-produktow\/swiezosc\/#breadcrumb","itemListElement":[{"@type":"ListItem","position":1,"name":"Home","item":"https:\/\/www.mandersloot.eu\/pl\/"},{"@type":"ListItem","position":2,"name":"Grupy produkt\u00f3w","item":"https:\/\/www.mandersloot.eu\/pl\/grupy-produktow\/"},{"@type":"ListItem","position":3,"name":"\u015awie\u017co\u015b\u0107"}]},{"@type":"WebSite","@id":"https:\/\/www.mandersloot.eu\/#website","url":"https:\/\/www.mandersloot.eu\/","name":"Mandersloot","description":"Specialist in logistieke dienstverlening en geconditioneerd transport naar of vanuit de Benelux en Centraal Europa","potentialAction":[{"@type":"SearchAction","target":{"@type":"EntryPoint","urlTemplate":"https:\/\/www.mandersloot.eu\/?s={search_term_string}"},"query-input":{"@type":"PropertyValueSpecification","valueRequired":true,"valueName":"search_term_string"}}],"inLanguage":"pl-PL"}]}},"_links":{"self":[{"href":"https:\/\/www.mandersloot.eu\/pl\/wp-json\/wp\/v2\/pages\/2232","targetHints":{"allow":["GET"]}}],"collection":[{"href":"https:\/\/www.mandersloot.eu\/pl\/wp-json\/wp\/v2\/pages"}],"about":[{"href":"https:\/\/www.mandersloot.eu\/pl\/wp-json\/wp\/v2\/types\/page"}],"author":[{"embeddable":true,"href":"https:\/\/www.mandersloot.eu\/pl\/wp-json\/wp\/v2\/users\/3"}],"replies":[{"embeddable":true,"href":"https:\/\/www.mandersloot.eu\/pl\/wp-json\/wp\/v2\/comments?post=2232"}],"version-history":[{"count":0,"href":"https:\/\/www.mandersloot.eu\/pl\/wp-json\/wp\/v2\/pages\/2232\/revisions"}],"up":[{"embeddable":true,"href":"https:\/\/www.mandersloot.eu\/pl\/wp-json\/wp\/v2\/pages\/2211"}],"wp:attachment":[{"href":"https:\/\/www.mandersloot.eu\/pl\/wp-json\/wp\/v2\/media?parent=2232"}],"curies":[{"name":"wp","href":"https:\/\/api.w.org\/{rel}","templated":true}]}}