{"id":2144,"date":"2018-09-14T12:35:11","date_gmt":"2018-09-14T12:35:11","guid":{"rendered":"http:\/\/mandersloot.eu\/termekcsoportok\/high-value\/"},"modified":"2018-10-25T12:35:23","modified_gmt":"2018-10-25T12:35:23","slug":"nagy-erteku-szallitmanyok","status":"publish","type":"page","link":"https:\/\/www.mandersloot.eu\/hu\/termekcsoportok\/nagy-erteku-szallitmanyok\/","title":{"rendered":"Nagy \u00e9rt\u00e9k\u0171 sz\u00e1ll\u00edtm\u00e1nyok"},"content":{"rendered":"","protected":false},"excerpt":{"rendered":"","protected":false},"author":3,"featured_media":0,"parent":2132,"menu_order":0,"comment_status":"closed","ping_status":"closed","template":"generic.php","meta":{"_acf_changed":false,"footnotes":""},"class_list":["post-2144","page","type-page","status-publish","hentry"],"acf":[],"yoast_head":"<!-- This site is optimized with the Yoast SEO plugin v26.8 - https:\/\/yoast.com\/product\/yoast-seo-wordpress\/ -->\n<title>Nagy \u00e9rt\u00e9k\u0171 sz\u00e1ll\u00edtm\u00e1nyok | Mandersloot<\/title>\n<meta name=\"robots\" content=\"index, follow, max-snippet:-1, max-image-preview:large, max-video-preview:-1\" \/>\n<link rel=\"canonical\" href=\"https:\/\/www.mandersloot.eu\/hu\/termekcsoportok\/nagy-erteku-szallitmanyok\/\" \/>\n<meta property=\"og:locale\" content=\"hu_HU\" \/>\n<meta property=\"og:type\" content=\"article\" \/>\n<meta property=\"og:title\" content=\"Nagy \u00e9rt\u00e9k\u0171 sz\u00e1ll\u00edtm\u00e1nyok | Mandersloot\" \/>\n<meta property=\"og:url\" content=\"https:\/\/www.mandersloot.eu\/hu\/termekcsoportok\/nagy-erteku-szallitmanyok\/\" \/>\n<meta property=\"og:site_name\" content=\"Mandersloot\" \/>\n<meta property=\"article:modified_time\" content=\"2018-10-25T12:35:23+00:00\" \/>\n<meta name=\"twitter:card\" content=\"summary_large_image\" \/>\n<script type=\"application\/ld+json\" class=\"yoast-schema-graph\">{\"@context\":\"https:\/\/schema.org\",\"@graph\":[{\"@type\":\"WebPage\",\"@id\":\"https:\/\/www.mandersloot.eu\/hu\/termekcsoportok\/nagy-erteku-szallitmanyok\/\",\"url\":\"https:\/\/www.mandersloot.eu\/hu\/termekcsoportok\/nagy-erteku-szallitmanyok\/\",\"name\":\"Nagy \u00e9rt\u00e9k\u0171 sz\u00e1ll\u00edtm\u00e1nyok | Mandersloot\",\"isPartOf\":{\"@id\":\"https:\/\/www.mandersloot.eu\/#website\"},\"datePublished\":\"2018-09-14T12:35:11+00:00\",\"dateModified\":\"2018-10-25T12:35:23+00:00\",\"breadcrumb\":{\"@id\":\"https:\/\/www.mandersloot.eu\/hu\/termekcsoportok\/nagy-erteku-szallitmanyok\/#breadcrumb\"},\"inLanguage\":\"hu\",\"potentialAction\":[{\"@type\":\"ReadAction\",\"target\":[\"https:\/\/www.mandersloot.eu\/hu\/termekcsoportok\/nagy-erteku-szallitmanyok\/\"]}]},{\"@type\":\"BreadcrumbList\",\"@id\":\"https:\/\/www.mandersloot.eu\/hu\/termekcsoportok\/nagy-erteku-szallitmanyok\/#breadcrumb\",\"itemListElement\":[{\"@type\":\"ListItem\",\"position\":1,\"name\":\"Home\",\"item\":\"https:\/\/www.mandersloot.eu\/hu\/\"},{\"@type\":\"ListItem\",\"position\":2,\"name\":\"Term\u00e9kcsoportok\",\"item\":\"https:\/\/www.mandersloot.eu\/hu\/termekcsoportok\/\"},{\"@type\":\"ListItem\",\"position\":3,\"name\":\"Nagy \u00e9rt\u00e9k\u0171 sz\u00e1ll\u00edtm\u00e1nyok\"}]},{\"@type\":\"WebSite\",\"@id\":\"https:\/\/www.mandersloot.eu\/#website\",\"url\":\"https:\/\/www.mandersloot.eu\/\",\"name\":\"Mandersloot\",\"description\":\"Specialist in logistieke dienstverlening en geconditioneerd transport naar of vanuit de Benelux en Centraal Europa\",\"potentialAction\":[{\"@type\":\"SearchAction\",\"target\":{\"@type\":\"EntryPoint\",\"urlTemplate\":\"https:\/\/www.mandersloot.eu\/?s={search_term_string}\"},\"query-input\":{\"@type\":\"PropertyValueSpecification\",\"valueRequired\":true,\"valueName\":\"search_term_string\"}}],\"inLanguage\":\"hu\"}]}<\/script>\n<!-- \/ Yoast SEO plugin. -->","yoast_head_json":{"title":"Nagy \u00e9rt\u00e9k\u0171 sz\u00e1ll\u00edtm\u00e1nyok | Mandersloot","robots":{"index":"index","follow":"follow","max-snippet":"max-snippet:-1","max-image-preview":"max-image-preview:large","max-video-preview":"max-video-preview:-1"},"canonical":"https:\/\/www.mandersloot.eu\/hu\/termekcsoportok\/nagy-erteku-szallitmanyok\/","og_locale":"hu_HU","og_type":"article","og_title":"Nagy \u00e9rt\u00e9k\u0171 sz\u00e1ll\u00edtm\u00e1nyok | Mandersloot","og_url":"https:\/\/www.mandersloot.eu\/hu\/termekcsoportok\/nagy-erteku-szallitmanyok\/","og_site_name":"Mandersloot","article_modified_time":"2018-10-25T12:35:23+00:00","twitter_card":"summary_large_image","schema":{"@context":"https:\/\/schema.org","@graph":[{"@type":"WebPage","@id":"https:\/\/www.mandersloot.eu\/hu\/termekcsoportok\/nagy-erteku-szallitmanyok\/","url":"https:\/\/www.mandersloot.eu\/hu\/termekcsoportok\/nagy-erteku-szallitmanyok\/","name":"Nagy \u00e9rt\u00e9k\u0171 sz\u00e1ll\u00edtm\u00e1nyok | Mandersloot","isPartOf":{"@id":"https:\/\/www.mandersloot.eu\/#website"},"datePublished":"2018-09-14T12:35:11+00:00","dateModified":"2018-10-25T12:35:23+00:00","breadcrumb":{"@id":"https:\/\/www.mandersloot.eu\/hu\/termekcsoportok\/nagy-erteku-szallitmanyok\/#breadcrumb"},"inLanguage":"hu","potentialAction":[{"@type":"ReadAction","target":["https:\/\/www.mandersloot.eu\/hu\/termekcsoportok\/nagy-erteku-szallitmanyok\/"]}]},{"@type":"BreadcrumbList","@id":"https:\/\/www.mandersloot.eu\/hu\/termekcsoportok\/nagy-erteku-szallitmanyok\/#breadcrumb","itemListElement":[{"@type":"ListItem","position":1,"name":"Home","item":"https:\/\/www.mandersloot.eu\/hu\/"},{"@type":"ListItem","position":2,"name":"Term\u00e9kcsoportok","item":"https:\/\/www.mandersloot.eu\/hu\/termekcsoportok\/"},{"@type":"ListItem","position":3,"name":"Nagy \u00e9rt\u00e9k\u0171 sz\u00e1ll\u00edtm\u00e1nyok"}]},{"@type":"WebSite","@id":"https:\/\/www.mandersloot.eu\/#website","url":"https:\/\/www.mandersloot.eu\/","name":"Mandersloot","description":"Specialist in logistieke dienstverlening en geconditioneerd transport naar of vanuit de Benelux en Centraal Europa","potentialAction":[{"@type":"SearchAction","target":{"@type":"EntryPoint","urlTemplate":"https:\/\/www.mandersloot.eu\/?s={search_term_string}"},"query-input":{"@type":"PropertyValueSpecification","valueRequired":true,"valueName":"search_term_string"}}],"inLanguage":"hu"}]}},"_links":{"self":[{"href":"https:\/\/www.mandersloot.eu\/hu\/wp-json\/wp\/v2\/pages\/2144","targetHints":{"allow":["GET"]}}],"collection":[{"href":"https:\/\/www.mandersloot.eu\/hu\/wp-json\/wp\/v2\/pages"}],"about":[{"href":"https:\/\/www.mandersloot.eu\/hu\/wp-json\/wp\/v2\/types\/page"}],"author":[{"embeddable":true,"href":"https:\/\/www.mandersloot.eu\/hu\/wp-json\/wp\/v2\/users\/3"}],"replies":[{"embeddable":true,"href":"https:\/\/www.mandersloot.eu\/hu\/wp-json\/wp\/v2\/comments?post=2144"}],"version-history":[{"count":0,"href":"https:\/\/www.mandersloot.eu\/hu\/wp-json\/wp\/v2\/pages\/2144\/revisions"}],"up":[{"embeddable":true,"href":"https:\/\/www.mandersloot.eu\/hu\/wp-json\/wp\/v2\/pages\/2132"}],"wp:attachment":[{"href":"https:\/\/www.mandersloot.eu\/hu\/wp-json\/wp\/v2\/media?parent=2144"}],"curies":[{"name":"wp","href":"https:\/\/api.w.org\/{rel}","templated":true}]}}