{"id":2129,"date":"2018-09-19T06:18:51","date_gmt":"2018-09-19T06:18:51","guid":{"rendered":"http:\/\/mandersloot.eu\/werken-bij\/"},"modified":"2023-09-14T13:11:18","modified_gmt":"2023-09-14T13:11:18","slug":"allashelyek-a-manderslootnal","status":"publish","type":"page","link":"https:\/\/www.mandersloot.eu\/hu\/allashelyek-a-manderslootnal\/","title":{"rendered":"\u00c1ll\u00e1shelyek a Manderslootn\u00e1l"},"content":{"rendered":"<p>A Mandersloot folyamatosan vesz fel szakembereket, akik a c\u00e9g hat\u00e9kony m\u0171k\u00f6d\u00e9se szempontj\u00e1b\u00f3l nagyon fontosak a sz\u00e1munkra. \u00c9rdekli esetleg a k\u00f6vetkez\u0151 \u00e1ll\u00e1shelyek k\u00f6z\u00fcl valamelyik, \u00e9s \u00fagy gondolja, hogy tud\u00e1s\u00e1val gyarap\u00edthatn\u00e1 c\u00e9g\u00fcnk \u00e9rt\u00e9k\u00e9t? Ha igen, a(z) <a href=\"mailto:info@mandersloot.eu\">info@mandersloot.eu<\/a> e-mail-c\u00edmre k\u00fcld\u00f6tt \u00f6n\u00e9letrajz\u00e1val \u00e9s motiv\u00e1ci\u00f3s level\u00e9vel gy\u0151zz\u00f6n meg benn\u00fcnket r\u00f3la!<\/p>\n","protected":false},"excerpt":{"rendered":"<p>A Mandersloot folyamatosan vesz fel szakembereket, akik a c\u00e9g hat\u00e9kony m\u0171k\u00f6d\u00e9se szempontj\u00e1b\u00f3l nagyon fontosak a sz\u00e1munkra. \u00c9rdekli esetleg a k\u00f6vetkez\u0151 \u00e1ll\u00e1shelyek k\u00f6z\u00fcl valamelyik, \u00e9s \u00fagy gondolja, hogy tud\u00e1s\u00e1val gyarap\u00edthatn\u00e1 c\u00e9g\u00fcnk \u00e9rt\u00e9k\u00e9t? Ha igen, a(z) info@mandersloot.eu e-mail-c\u00edmre k\u00fcld\u00f6tt \u00f6n\u00e9letrajz\u00e1val \u00e9s motiv\u00e1ci\u00f3s level\u00e9vel gy\u0151zz\u00f6n meg benn\u00fcnket r\u00f3la!<\/p>\n","protected":false},"author":3,"featured_media":0,"parent":0,"menu_order":0,"comment_status":"closed","ping_status":"closed","template":"archive-vacatures.php","meta":{"_acf_changed":false,"footnotes":""},"class_list":["post-2129","page","type-page","status-publish","hentry"],"acf":[],"yoast_head":"<!-- This site is optimized with the Yoast SEO plugin v26.8 - https:\/\/yoast.com\/product\/yoast-seo-wordpress\/ -->\n<title>\u00c1ll\u00e1shelyek a Manderslootn\u00e1l | Mandersloot<\/title>\n<meta name=\"robots\" content=\"index, follow, max-snippet:-1, max-image-preview:large, max-video-preview:-1\" \/>\n<link rel=\"canonical\" href=\"https:\/\/www.mandersloot.eu\/hu\/allashelyek-a-manderslootnal\/\" \/>\n<meta property=\"og:locale\" content=\"hu_HU\" \/>\n<meta property=\"og:type\" content=\"article\" \/>\n<meta property=\"og:title\" content=\"\u00c1ll\u00e1shelyek a Manderslootn\u00e1l | Mandersloot\" \/>\n<meta property=\"og:description\" content=\"A Mandersloot folyamatosan vesz fel szakembereket, akik a c\u00e9g hat\u00e9kony m\u0171k\u00f6d\u00e9se szempontj\u00e1b\u00f3l nagyon fontosak a sz\u00e1munkra. \u00c9rdekli esetleg a k\u00f6vetkez\u0151 \u00e1ll\u00e1shelyek k\u00f6z\u00fcl valamelyik, \u00e9s \u00fagy gondolja, hogy tud\u00e1s\u00e1val gyarap\u00edthatn\u00e1 c\u00e9g\u00fcnk \u00e9rt\u00e9k\u00e9t? Ha igen, a(z) info@mandersloot.eu e-mail-c\u00edmre k\u00fcld\u00f6tt \u00f6n\u00e9letrajz\u00e1val \u00e9s motiv\u00e1ci\u00f3s level\u00e9vel gy\u0151zz\u00f6n meg benn\u00fcnket r\u00f3la!\" \/>\n<meta property=\"og:url\" content=\"https:\/\/www.mandersloot.eu\/hu\/allashelyek-a-manderslootnal\/\" \/>\n<meta property=\"og:site_name\" content=\"Mandersloot\" \/>\n<meta property=\"article:modified_time\" content=\"2023-09-14T13:11:18+00:00\" \/>\n<meta name=\"twitter:card\" content=\"summary_large_image\" \/>\n<meta name=\"twitter:label1\" content=\"Becs\u00fclt olvas\u00e1si id\u0151\" \/>\n\t<meta name=\"twitter:data1\" content=\"1 perc\" \/>\n<script type=\"application\/ld+json\" class=\"yoast-schema-graph\">{\"@context\":\"https:\/\/schema.org\",\"@graph\":[{\"@type\":\"WebPage\",\"@id\":\"https:\/\/www.mandersloot.eu\/hu\/allashelyek-a-manderslootnal\/\",\"url\":\"https:\/\/www.mandersloot.eu\/hu\/allashelyek-a-manderslootnal\/\",\"name\":\"\u00c1ll\u00e1shelyek a Manderslootn\u00e1l | Mandersloot\",\"isPartOf\":{\"@id\":\"https:\/\/www.mandersloot.eu\/#website\"},\"datePublished\":\"2018-09-19T06:18:51+00:00\",\"dateModified\":\"2023-09-14T13:11:18+00:00\",\"breadcrumb\":{\"@id\":\"https:\/\/www.mandersloot.eu\/hu\/allashelyek-a-manderslootnal\/#breadcrumb\"},\"inLanguage\":\"hu\",\"potentialAction\":[{\"@type\":\"ReadAction\",\"target\":[\"https:\/\/www.mandersloot.eu\/hu\/allashelyek-a-manderslootnal\/\"]}]},{\"@type\":\"BreadcrumbList\",\"@id\":\"https:\/\/www.mandersloot.eu\/hu\/allashelyek-a-manderslootnal\/#breadcrumb\",\"itemListElement\":[{\"@type\":\"ListItem\",\"position\":1,\"name\":\"Home\",\"item\":\"https:\/\/www.mandersloot.eu\/hu\/\"},{\"@type\":\"ListItem\",\"position\":2,\"name\":\"\u00c1ll\u00e1shelyek a Manderslootn\u00e1l\"}]},{\"@type\":\"WebSite\",\"@id\":\"https:\/\/www.mandersloot.eu\/#website\",\"url\":\"https:\/\/www.mandersloot.eu\/\",\"name\":\"Mandersloot\",\"description\":\"Specialist in logistieke dienstverlening en geconditioneerd transport naar of vanuit de Benelux en Centraal Europa\",\"potentialAction\":[{\"@type\":\"SearchAction\",\"target\":{\"@type\":\"EntryPoint\",\"urlTemplate\":\"https:\/\/www.mandersloot.eu\/?s={search_term_string}\"},\"query-input\":{\"@type\":\"PropertyValueSpecification\",\"valueRequired\":true,\"valueName\":\"search_term_string\"}}],\"inLanguage\":\"hu\"}]}<\/script>\n<!-- \/ Yoast SEO plugin. -->","yoast_head_json":{"title":"\u00c1ll\u00e1shelyek a Manderslootn\u00e1l | Mandersloot","robots":{"index":"index","follow":"follow","max-snippet":"max-snippet:-1","max-image-preview":"max-image-preview:large","max-video-preview":"max-video-preview:-1"},"canonical":"https:\/\/www.mandersloot.eu\/hu\/allashelyek-a-manderslootnal\/","og_locale":"hu_HU","og_type":"article","og_title":"\u00c1ll\u00e1shelyek a Manderslootn\u00e1l | Mandersloot","og_description":"A Mandersloot folyamatosan vesz fel szakembereket, akik a c\u00e9g hat\u00e9kony m\u0171k\u00f6d\u00e9se szempontj\u00e1b\u00f3l nagyon fontosak a sz\u00e1munkra. \u00c9rdekli esetleg a k\u00f6vetkez\u0151 \u00e1ll\u00e1shelyek k\u00f6z\u00fcl valamelyik, \u00e9s \u00fagy gondolja, hogy tud\u00e1s\u00e1val gyarap\u00edthatn\u00e1 c\u00e9g\u00fcnk \u00e9rt\u00e9k\u00e9t? Ha igen, a(z) info@mandersloot.eu e-mail-c\u00edmre k\u00fcld\u00f6tt \u00f6n\u00e9letrajz\u00e1val \u00e9s motiv\u00e1ci\u00f3s level\u00e9vel gy\u0151zz\u00f6n meg benn\u00fcnket r\u00f3la!","og_url":"https:\/\/www.mandersloot.eu\/hu\/allashelyek-a-manderslootnal\/","og_site_name":"Mandersloot","article_modified_time":"2023-09-14T13:11:18+00:00","twitter_card":"summary_large_image","twitter_misc":{"Becs\u00fclt olvas\u00e1si id\u0151":"1 perc"},"schema":{"@context":"https:\/\/schema.org","@graph":[{"@type":"WebPage","@id":"https:\/\/www.mandersloot.eu\/hu\/allashelyek-a-manderslootnal\/","url":"https:\/\/www.mandersloot.eu\/hu\/allashelyek-a-manderslootnal\/","name":"\u00c1ll\u00e1shelyek a Manderslootn\u00e1l | Mandersloot","isPartOf":{"@id":"https:\/\/www.mandersloot.eu\/#website"},"datePublished":"2018-09-19T06:18:51+00:00","dateModified":"2023-09-14T13:11:18+00:00","breadcrumb":{"@id":"https:\/\/www.mandersloot.eu\/hu\/allashelyek-a-manderslootnal\/#breadcrumb"},"inLanguage":"hu","potentialAction":[{"@type":"ReadAction","target":["https:\/\/www.mandersloot.eu\/hu\/allashelyek-a-manderslootnal\/"]}]},{"@type":"BreadcrumbList","@id":"https:\/\/www.mandersloot.eu\/hu\/allashelyek-a-manderslootnal\/#breadcrumb","itemListElement":[{"@type":"ListItem","position":1,"name":"Home","item":"https:\/\/www.mandersloot.eu\/hu\/"},{"@type":"ListItem","position":2,"name":"\u00c1ll\u00e1shelyek a Manderslootn\u00e1l"}]},{"@type":"WebSite","@id":"https:\/\/www.mandersloot.eu\/#website","url":"https:\/\/www.mandersloot.eu\/","name":"Mandersloot","description":"Specialist in logistieke dienstverlening en geconditioneerd transport naar of vanuit de Benelux en Centraal Europa","potentialAction":[{"@type":"SearchAction","target":{"@type":"EntryPoint","urlTemplate":"https:\/\/www.mandersloot.eu\/?s={search_term_string}"},"query-input":{"@type":"PropertyValueSpecification","valueRequired":true,"valueName":"search_term_string"}}],"inLanguage":"hu"}]}},"_links":{"self":[{"href":"https:\/\/www.mandersloot.eu\/hu\/wp-json\/wp\/v2\/pages\/2129","targetHints":{"allow":["GET"]}}],"collection":[{"href":"https:\/\/www.mandersloot.eu\/hu\/wp-json\/wp\/v2\/pages"}],"about":[{"href":"https:\/\/www.mandersloot.eu\/hu\/wp-json\/wp\/v2\/types\/page"}],"author":[{"embeddable":true,"href":"https:\/\/www.mandersloot.eu\/hu\/wp-json\/wp\/v2\/users\/3"}],"replies":[{"embeddable":true,"href":"https:\/\/www.mandersloot.eu\/hu\/wp-json\/wp\/v2\/comments?post=2129"}],"version-history":[{"count":0,"href":"https:\/\/www.mandersloot.eu\/hu\/wp-json\/wp\/v2\/pages\/2129\/revisions"}],"wp:attachment":[{"href":"https:\/\/www.mandersloot.eu\/hu\/wp-json\/wp\/v2\/media?parent=2129"}],"curies":[{"name":"wp","href":"https:\/\/api.w.org\/{rel}","templated":true}]}}